{"id":3,"date":"2024-08-07T13:07:47","date_gmt":"2024-08-07T13:07:47","guid":{"rendered":"https:\/\/blog.provident.hu\/jokenyer\/?page_id=3"},"modified":"2024-09-16T17:56:20","modified_gmt":"2024-09-16T17:56:20","slug":"adatkezeles","status":"publish","type":"page","link":"https:\/\/blog.provident.hu\/jokenyer\/adatkezeles\/","title":{"rendered":"Adatkezel\u00e9si t\u00e1j\u00e9koztat\u00f3"},"content":{"rendered":"[et_pb_section fb_built=&#8221;1&#8243; admin_label=&#8221;section&#8221; _builder_version=&#8221;4.27.0&#8243; background_color=&#8221;#1CAAE2&#8243; custom_padding=&#8221;84px||19px|||&#8221; global_colors_info=&#8221;{}&#8221;][et_pb_row _builder_version=&#8221;4.27.0&#8243; _module_preset=&#8221;default&#8221; global_colors_info=&#8221;{}&#8221;][et_pb_column type=&#8221;4_4&#8243; _builder_version=&#8221;4.27.0&#8243; _module_preset=&#8221;default&#8221; global_colors_info=&#8221;{}&#8221;][et_pb_text _builder_version=&#8221;4.27.0&#8243; _module_preset=&#8221;default&#8221; text_font=&#8221;Gotham Rounded Bold|||on|||||&#8221; text_text_color=&#8221;#FFFFFF&#8221; text_font_size=&#8221;41px&#8221; text_orientation=&#8221;center&#8221; custom_margin=&#8221;0px||0px||false|false&#8221; custom_padding=&#8221;0px||0px||false|false&#8221; text_letter_spacing_tablet=&#8221;&#8221; text_letter_spacing_phone=&#8221;0px&#8221; text_letter_spacing_last_edited=&#8221;on|phone&#8221; text_line_height_tablet=&#8221;&#8221; text_line_height_phone=&#8221;1.2em&#8221; text_line_height_last_edited=&#8221;on|phone&#8221; global_colors_info=&#8221;{}&#8221;]<p>Adatkezel\u00e9si t\u00e1ly\u00e9koztat\u00f3<\/p>[\/et_pb_text][\/et_pb_column][\/et_pb_row][\/et_pb_section][et_pb_section fb_built=&#8221;1&#8243; admin_label=&#8221;section&#8221; _builder_version=&#8221;4.16&#8243; global_colors_info=&#8221;{}&#8221;][et_pb_row column_structure=&#8221;1_2,1_2&#8243; admin_label=&#8221;row&#8221; _builder_version=&#8221;4.27.0&#8243; background_size=&#8221;initial&#8221; background_position=&#8221;top_left&#8221; background_repeat=&#8221;repeat&#8221; custom_margin=&#8221;12px|auto|7px|auto||&#8221; custom_padding=&#8221;5px||32px|||&#8221; border_width_bottom=&#8221;3px&#8221; border_color_bottom=&#8221;#ACCB46&#8243; border_style_bottom=&#8221;dotted&#8221; global_colors_info=&#8221;{}&#8221;][et_pb_column type=&#8221;1_2&#8243; _builder_version=&#8221;4.16&#8243; custom_padding=&#8221;|||&#8221; global_colors_info=&#8221;{}&#8221; custom_padding__hover=&#8221;|||&#8221;][et_pb_image src=&#8221;https:\/\/blog.provident.hu\/jokenyer\/wp-content\/uploads\/2024\/08\/LOGO_PROVIDENT-01.svg&#8221; title_text=&#8221;LOGO_PROVIDENT-01&#8243; _builder_version=&#8221;4.27.0&#8243; _module_preset=&#8221;default&#8221; width=&#8221;35%&#8221; width_tablet=&#8221;37%&#8221; width_phone=&#8221;46%&#8221; width_last_edited=&#8221;on|phone&#8221; module_alignment=&#8221;right&#8221; module_alignment_tablet=&#8221;center&#8221; module_alignment_phone=&#8221;&#8221; module_alignment_last_edited=&#8221;on|tablet&#8221; global_colors_info=&#8221;{}&#8221;][\/et_pb_image][\/et_pb_column][et_pb_column type=&#8221;1_2&#8243; _builder_version=&#8221;4.16&#8243; custom_padding=&#8221;|||&#8221; global_colors_info=&#8221;{}&#8221; custom_padding__hover=&#8221;|||&#8221;][et_pb_text admin_label=&#8221;Text&#8221; _builder_version=&#8221;4.27.0&#8243; background_size=&#8221;initial&#8221; background_position=&#8221;top_left&#8221; background_repeat=&#8221;repeat&#8221; custom_margin=&#8221;0px|||||&#8221; text_orientation_tablet=&#8221;center&#8221; text_orientation_phone=&#8221;&#8221; text_orientation_last_edited=&#8221;on|desktop&#8221; global_colors_info=&#8221;{}&#8221;]<p><\/p>\n<p>A Provident P\u00e9nz\u00fcgyi Zrt.<\/p>\n<p><strong>J\u00f3keny\u00e9r p\u00e1ly\u00e1zat<\/strong><\/p>\n<p>&nbsp;<\/p>\n<p><\/p>[\/et_pb_text][\/et_pb_column][\/et_pb_row][et_pb_row admin_label=&#8221;row&#8221; _builder_version=&#8221;4.16&#8243; background_size=&#8221;initial&#8221; background_position=&#8221;top_left&#8221; background_repeat=&#8221;repeat&#8221; global_colors_info=&#8221;{}&#8221; custom_padding=&#8221;||25px|||&#8221;][et_pb_column type=&#8221;4_4&#8243; _builder_version=&#8221;4.16&#8243; custom_padding=&#8221;|||&#8221; global_colors_info=&#8221;{}&#8221; custom_padding__hover=&#8221;|||&#8221;][et_pb_text admin_label=&#8221;Text&#8221; _builder_version=&#8221;4.27.0&#8243; background_size=&#8221;initial&#8221; background_position=&#8221;top_left&#8221; background_repeat=&#8221;repeat&#8221; hover_enabled=&#8221;0&#8243; global_colors_info=&#8221;{}&#8221; sticky_enabled=&#8221;0&#8243;]<p><strong style=\"font-size: 14px;\">Adatkezel\u00e9si t\u00e1j\u00e9koztat\u00f3<\/strong><\/p>\n<p>J\u00f3keny\u00e9r p\u00e1ly\u00e1zattal kapcsolatos szem\u00e9lyes adatok kezel\u00e9s\u00e9r\u0151l<\/p>\n<p>&nbsp;<\/p>\n<ol>\n<li><strong> \u00c1LTAL\u00c1NOS INFORM\u00c1CI\u00d3K, AZ ADATKEZEL\u0150<\/strong><\/li>\n<\/ol>\n<p>&nbsp;<\/p>\n<p>1.1. Az adatkezel\u0151 szem\u00e9lye \u00e9s tev\u00e9kenys\u00e9ge<\/p>\n<p>A jelen T\u00e1j\u00e9koztat\u00f3ban (\u201eT\u00e1j\u00e9koztat\u00f3\u201d) meghat\u00e1rozott adatkezel\u00e9sek tekintet\u00e9ben adatkezel\u0151 a <strong>Provident P\u00e9nz\u00fcgyi Z\u00e1rtk\u00f6r\u0171en M\u0171k\u00f6d\u0151 R\u00e9szv\u00e9nyt\u00e1rsas\u00e1g<\/strong>\u00a0(sz\u00e9khely: 1095 Budapest, Lechner \u00d6d\u00f6n fasor 10\/B.; c\u00e9gjegyz\u00e9ksz\u00e1m: 01-10-044542; e-mail:\u00a0<a href=\"mailto:provident@provident.hu\">provident@provident.hu<\/a>; honlap: <a href=\"http:\/\/www.providentonline.hu\">www.provident.hu<\/a>; telefonsz\u00e1m: 06 1 99 99 666; adatv\u00e9delmi tisztvisel\u0151 neve \u00e9s el\u00e9rhet\u0151s\u00e9ge: dr. Horny\u00e1k-Pakai \u00c9va, provident@provident.hu; a tov\u00e1bbiakban: \u201e<strong>Provident<\/strong>\u201d, \u201e<strong>T\u00e1rsas\u00e1g<\/strong>\u201d vagy \u201e<strong>Adatkezel\u0151<\/strong>\u201d).<\/p>\n<p>&nbsp;<\/p>\n<p>1.2. Ir\u00e1nyad\u00f3 jogszab\u00e1lyok<\/p>\n<p>&nbsp;<\/p>\n<p>A Provident a tev\u00e9kenys\u00e9g\u00e9t az Eur\u00f3pai Uni\u00f3 \u00e9s Magyarorsz\u00e1g jogszab\u00e1lyai hat\u00e1lya alatt v\u00e9gzi. Az adatkezel\u00e9sre els\u0151sorban az Eur\u00f3pai Uni\u00f3 \u00e1ltal\u00e1nos adatv\u00e9delmi rendelete [Eur\u00f3pai Parlament \u00e9s a Tan\u00e1cs (EU) 2016\/679 rendelete (2016. \u00e1prilis 27.) a term\u00e9szetes szem\u00e9lyeknek a szem\u00e9lyes adatok kezel\u00e9se tekintet\u00e9ben t\u00f6rt\u00e9n\u0151 v\u00e9delm\u00e9r\u0151l \u00e9s az ilyen adatok szabad \u00e1raml\u00e1s\u00e1r\u00f3l, valamint a 95\/46\/EK rendelet hat\u00e1lyon k\u00edv\u00fcl helyez\u00e9s\u00e9r\u0151l; tov\u00e1bbiakban: \u201eGDPR\u201d], valamint az inform\u00e1ci\u00f3s \u00f6nrendelkez\u00e9si jogr\u00f3l \u00e9s az inform\u00e1ci\u00f3szabads\u00e1gr\u00f3l sz\u00f3l\u00f3 2011. \u00e9vi CXII. t\u00f6rv\u00e9ny vonatkozik.<\/p>\n<p>&nbsp;<\/p>\n<p>&nbsp;<\/p>\n<p>1.3. A T\u00e1j\u00e9koztat\u00f3 hat\u00e1lya, az \u00e9rintett<\/p>\n<p>&nbsp;<\/p>\n<p>Jelen T\u00e1j\u00e9koztat\u00f3 hat\u00e1lya a P\u00e1ly\u00e1zat lebonyol\u00edt\u00e1sa sor\u00e1n t\u00f6rt\u00e9n\u0151 szem\u00e9lyes adatok kezel\u00e9s\u00e9re terjed ki.<\/p>\n<p>&nbsp;<\/p>\n<p>A jelen T\u00e1j\u00e9koztat\u00f3 hat\u00e1lya al\u00e1 tartoz\u00f3 adatkezel\u00e9sek eset\u00e9ben \u00e9rintett az a szem\u00e9ly, aki a P\u00e1ly\u00e1zaton p\u00e1ly\u00e1zati anyagot ad le.<\/p>\n<p>&nbsp;<\/p>\n<p><strong>\u00a0<\/strong><\/p>\n<ol>\n<li><strong> AZ ADATKEZEL\u00c9S F\u0150BB JELLEMZ\u0150I<\/strong><\/li>\n<\/ol>\n<p>&nbsp;<\/p>\n<p>2.1. Az adatkezel\u00e9s elvei<\/p>\n<p>&nbsp;<\/p>\n<p><a name=\"_Toc311448553\"><\/a><a name=\"_Toc329949437\"><\/a>A Provident az adatokat jogszer\u0171en, tisztess\u00e9gesen, \u00e9s az \u00e9rintett sz\u00e1m\u00e1ra \u00e1tl\u00e1that\u00f3 m\u00f3don, pontosan \u00e9s naprak\u00e9szen kezeli. A Provident biztos\u00edtja az \u00e9rintett jogainak \u00e9rv\u00e9nyes\u00fcl\u00e9s\u00e9t, \u00e9s megteszi a sz\u00fcks\u00e9ges int\u00e9zked\u00e9seket annak \u00e9rdek\u00e9ben, hogy az adatkezel\u00e9s annak minden szakasz\u00e1ban jogszer\u0171 legyen.<\/p>\n<p>&nbsp;<\/p>\n<p>2.2. Az adatkezel\u00e9s c\u00e9lj\u00e1t, jogalapj\u00e1t, az adatkezel\u00e9s id\u0151tartam\u00e1t \u00e9s a kezelt adatok k\u00f6r\u00e9t a jelen T\u00e1j\u00e9koztat\u00f3 1. sz\u00e1m\u00fa mell\u00e9klete tartalmazza.<\/p>\n<p>\u00a0A Provident az adatokat az \u00e9rintett\u0151l veszi fel. <a name=\"_Toc223845819\"><\/a><a name=\"_Toc282414699\"><\/a><a name=\"_Toc282415685\"><\/a><a name=\"_Toc284580084\"><\/a><\/p>\n<p>&nbsp;<\/p>\n<p>A Provident a p\u00e1ly\u00e1zati alkot\u00e1st elk\u00e9sz\u00edt\u0151 gyermek r\u00e9sz\u00e9re t\u00f6rt\u00e9n\u0151 nyerem\u00e9ny \u00e1tad\u00e1s\u00e1r\u00f3l f\u00e9nyk\u00e9pet k\u00e9sz\u00edt, amelyet azt\u00e1n k\u00f6zz\u00e9tesz az 1. sz\u00e1m\u00fa mell\u00e9kletben megjel\u00f6lt csatorn\u00e1kon.<\/p>\n<p><strong>\u00a0<\/strong><\/p>\n<p>2.3. <a name=\"_Toc311448562\"><\/a><a name=\"_Toc329949463\"><\/a>Adatbiztons\u00e1g, hozz\u00e1f\u00e9r\u00e9s az adatokhoz<\/p>\n<p>&nbsp;<\/p>\n<p>A Provident gondoskodik az adatok biztons\u00e1g\u00e1r\u00f3l, megteszi azokat a technikai \u00e9s szervez\u00e9si int\u00e9zked\u00e9seket \u00e9s kialak\u00edtja azokat az elj\u00e1r\u00e1si szab\u00e1lyokat, amelyek az adatbiztons\u00e1g k\u00f6vetelm\u00e9ny\u00e9nek \u00e9rv\u00e9nyes\u00fcl\u00e9s\u00e9t biztos\u00edtj\u00e1k.<\/p>\n<p>&nbsp;<\/p>\n<p>2.4. Adattov\u00e1bb\u00edt\u00e1s<\/p>\n<p>&nbsp;<\/p>\n<p>A P\u00e1ly\u00e1zat sor\u00e1n az adatkezel\u00e9s az EGT t\u00e9rs\u00e9g\u00e9n bel\u00fcl t\u00f6rt\u00e9nik.<\/p>\n<p>&nbsp;<\/p>\n<p><strong>\u00a0<\/strong><\/p>\n<p><strong>III. AZ \u00c9RINTETTEK JOGAI \u00c9S \u00c9RV\u00c9NYES\u00cdT\u00c9S\u00dcK<\/strong><\/p>\n<p>&nbsp;<\/p>\n<p>3.1. Az \u00e9rintettek jogai<\/p>\n<p>&nbsp;<\/p>\n<p><u>T\u00e1j\u00e9koztat\u00e1s (illetve hozz\u00e1f\u00e9r\u00e9s): <\/u>Az \u00e9rintettnek joga van ahhoz, hogy az adatainak kezel\u00e9s\u00e9r\u0151l t\u00e1j\u00e9koztat\u00e1st kapjon. A Provident az \u00e9rintettet a p\u00e1ly\u00e1zati anyag beny\u00fajt\u00e1s\u00e1t megel\u0151z\u0151en t\u00e1j\u00e9koztatja az adatkezel\u00e9sr\u0151l. Az \u00e9rintett az adatkezel\u00e9s folyam\u00e1n b\u00e1rmikor teljes k\u00f6r\u0171 t\u00e1j\u00e9koztat\u00e1st k\u00e9rhet az adatai kezel\u00e9s\u00e9r\u0151l. Az \u00e9rintett k\u00e9rheti, hogy a Provident az adatok m\u00e1solat\u00e1t bocs\u00e1ssa a rendelkez\u00e9s\u00e9re.<\/p>\n<p>&nbsp;<\/p>\n<p><u>Helyesb\u00edt\u00e9s:<\/u> Az \u00e9rintett k\u00e9rheti, hogy a Provident a r\u00e1 vonatkoz\u00f3 pontatlan adatokat helyesb\u00edtse, a hi\u00e1nyos adatot kieg\u00e9sz\u00edtse.<\/p>\n<p>&nbsp;<\/p>\n<p><u>T\u00f6rl\u00e9s:<\/u> Az \u00e9rintett k\u00e9rheti az adatai t\u00f6rl\u00e9s\u00e9t. A Provident a t\u00f6rl\u00e9st csak akkor tagadja meg, amennyiben az adatkezel\u00e9s jogszab\u00e1lyon alapul, vagy az adatkezel\u00e9s sz\u00fcks\u00e9ges jogi ig\u00e9nyek el\u0151terjeszt\u00e9s\u00e9hez, \u00e9rv\u00e9nyes\u00edt\u00e9s\u00e9hez, illetve v\u00e9delm\u00e9hez. Az \u00e9rintett jogosult hozz\u00e1j\u00e1rul\u00e1s\u00e1t visszavonni. A hozz\u00e1j\u00e1rul\u00e1s visszavon\u00e1sa nem \u00e9rinti a visszavon\u00e1s el\u0151tt a hozz\u00e1j\u00e1rul\u00e1s alapj\u00e1n v\u00e9grehajtott adatkezel\u00e9s jogszer\u0171s\u00e9g\u00e9t.<\/p>\n<p>&nbsp;<\/p>\n<p><u>Korl\u00e1toz\u00e1s:<\/u> Az \u00e9rintettnek jog\u00e1ban \u00e1ll az adatkezel\u00e9s korl\u00e1toz\u00e1s\u00e1t k\u00e9rni, az al\u00e1bbi esetekben:<\/p>\n<ol>\n<li>a) az \u00e9rintett vitatja a szem\u00e9lyes adatok pontoss\u00e1g\u00e1t, ez esetben a korl\u00e1toz\u00e1s arra az id\u0151tartamra vonatkozik, amely lehet\u0151v\u00e9 teszi, hogy az adatkezel\u0151 ellen\u0151rizze a szem\u00e9lyes adatok pontoss\u00e1g\u00e1t;<\/li>\n<li>b) az adatkezel\u00e9s jogellenes, \u00e9s az \u00e9rintett ellenzi az adatok t\u00f6rl\u00e9s\u00e9t, \u00e9s ehelyett k\u00e9ri azok felhaszn\u00e1l\u00e1s\u00e1nak korl\u00e1toz\u00e1s\u00e1t;<\/li>\n<li>c) az adatkezel\u0151nek m\u00e1r nincs sz\u00fcks\u00e9ge a szem\u00e9lyes adatokra adatkezel\u00e9s c\u00e9lj\u00e1b\u00f3l, de az \u00e9rintett ig\u00e9nyli azokat jogi ig\u00e9nyek el\u0151terjeszt\u00e9s\u00e9hez, \u00e9rv\u00e9nyes\u00edt\u00e9s\u00e9hez vagy v\u00e9delm\u00e9hez;<\/li>\n<li>d) az \u00e9rintett tiltakozott az adatkezel\u00e9s ellen; ez esetben a korl\u00e1toz\u00e1s arra az id\u0151tartamra vonatkozik, am\u00edg meg\u00e1llap\u00edt\u00e1sra nem ker\u00fcl, hogy az adatkezel\u0151 jogos indokai els\u0151bbs\u00e9get \u00e9lveznek-e az \u00e9rintett jogos indokaival szemben.<\/li>\n<\/ol>\n<p>&nbsp;<\/p>\n<p>Ha az adatkezel\u00e9s korl\u00e1toz\u00e1s al\u00e1 esik, az ilyen szem\u00e9lyes adatokat a t\u00e1rol\u00e1s kiv\u00e9tel\u00e9vel csak az \u00e9rintett hozz\u00e1j\u00e1rul\u00e1s\u00e1val, vagy jogi ig\u00e9nyek el\u0151terjeszt\u00e9s\u00e9hez, \u00e9rv\u00e9nyes\u00edt\u00e9s\u00e9hez vagy v\u00e9delm\u00e9hez, vagy m\u00e1s term\u00e9szetes vagy jogi szem\u00e9ly jogainak v\u00e9delme \u00e9rdek\u00e9ben, vagy az Eur\u00f3pai Uni\u00f3, illetve valamely tag\u00e1llam fontos k\u00f6z\u00e9rdek\u00e9b\u0151l lehet kezelni.<\/p>\n<p>&nbsp;<\/p>\n<p><u>Tiltakoz\u00e1s:<\/u> Amennyiben az adatkezel\u00e9s a Provident, vagy harmadik f\u00e9l jogos \u00e9rdek\u00e9nek \u00e9rv\u00e9nyes\u00edt\u00e9s\u00e9n alapul, az \u00e9rintett jogosult arra, hogy a saj\u00e1t helyzet\u00e9vel kapcsolatos okokb\u00f3l b\u00e1rmikor tiltakozzon szem\u00e9lyes adatainak kezel\u00e9se ellen. Ebben az esetben az adatkezel\u0151 a szem\u00e9lyes adatokat nem kezelheti tov\u00e1bb, kiv\u00e9ve, ha az adatkezel\u0151 bizony\u00edtja, hogy az adatkezel\u00e9st olyan k\u00e9nyszer\u00edt\u0151 erej\u0171 jogos okok indokolj\u00e1k, amelyek els\u0151bbs\u00e9get \u00e9lveznek az \u00e9rintett \u00e9rdekeivel, jogaival \u00e9s szabads\u00e1gaival szemben, vagy amelyek jogi ig\u00e9nyek el\u0151terjeszt\u00e9s\u00e9hez, \u00e9rv\u00e9nyes\u00edt\u00e9s\u00e9hez vagy v\u00e9delm\u00e9hez kapcsol\u00f3dnak. Ha a szem\u00e9lyes adatok kezel\u00e9se k\u00f6zvetlen \u00fczletszerz\u00e9s \u00e9rdek\u00e9ben t\u00f6rt\u00e9nik, az \u00e9rintett jogosult arra, hogy b\u00e1rmikor tiltakozzon a r\u00e1 vonatkoz\u00f3 szem\u00e9lyes adatok e c\u00e9lb\u00f3l t\u00f6rt\u00e9n\u0151 kezel\u00e9se ellen.<\/p>\n<p>&nbsp;<\/p>\n<p>3.2. Az \u00e9rintett jogainak biztos\u00edt\u00e1sa, az \u00e9rintett k\u00e9relmeinek kezel\u00e9se<\/p>\n<p>&nbsp;<\/p>\n<p>K\u00e9r\u00e9sre a Provident a jelen T\u00e1j\u00e9koztat\u00f3t az \u00e9rintett rendelkez\u00e9s\u00e9re bocs\u00e1tja.<\/p>\n<p>&nbsp;<\/p>\n<p>Az \u00e9rintett a jogai gyakorl\u00e1s\u00e1ra ir\u00e1nyul\u00f3 k\u00e9relmet az 1.1. pontban megjel\u00f6lt el\u00e9rhet\u0151s\u00e9gek valamelyik\u00e9n eljuttathatja a Providenthez. A Provident a k\u00e9relmet halad\u00e9ktalanul megvizsg\u00e1lja, d\u00f6nt\u00e9st hoz a k\u00e9relem teljes\u00edt\u00e9s\u00e9r\u0151l, \u00e9s megteszi a sz\u00fcks\u00e9ges int\u00e9zked\u00e9seket. A Provident a megtett int\u00e9zked\u00e9sekr\u0151l egy h\u00f3napon bel\u00fcl t\u00e1j\u00e9koztatja az \u00e9rintettet. A t\u00e1j\u00e9koztat\u00e1s minden esetben tartalmazza a Provident \u00e1ltal megtett int\u00e9zked\u00e9st, vagy az \u00e9rintett \u00e1ltal k\u00e9rt t\u00e1j\u00e9koztat\u00e1st. Amennyiben a Provident a k\u00e9relem teljes\u00edt\u00e9s\u00e9t elutas\u00edtja (nem teszi meg a k\u00e9relem teljes\u00edt\u00e9s\u00e9hez sz\u00fcks\u00e9ges int\u00e9zked\u00e9seket), a t\u00e1j\u00e9koztat\u00e1s tartalmazza a megtagad\u00e1s jogalapj\u00e1t, indokait, \u00e9s az \u00e9rintett jogorvoslati lehet\u0151s\u00e9geit.<\/p>\n<p>&nbsp;<\/p>\n<p>Amennyiben a k\u00e9relem beny\u00fajt\u00e1s\u00e1nak k\u00f6r\u00fclm\u00e9nyei, m\u00f3dja miatt nem bizonyos, hogy a k\u00e9relem az \u00e9rintett\u0151l sz\u00e1rmazik, a Provident k\u00e9rheti, hogy a k\u00e9relmez\u0151 igazolja jogosults\u00e1g\u00e1t, vagy a k\u00e9relmet olyan m\u00f3don terjessze el\u0151, hogy a jogosults\u00e1g egy\u00e9rtelm\u0171en meg\u00e1llap\u00edthat\u00f3 legyen.<\/p>\n<p>&nbsp;<\/p>\n<p>3.3. Jogorvoslat<\/p>\n<p>&nbsp;<\/p>\n<p>Az \u00e9rintett a jogainak s\u00e9relme eset\u00e9n k\u00e9rheti, hogy a Provident a jogellenes adatkezel\u00e9st sz\u00fcntesse meg, az adatkezel\u00e9st, az \u00e9rintett k\u00e9relm\u00e9nek elutas\u00edt\u00e1s\u00e1t vizsg\u00e1lja meg. A Provident az \u00e9rintett ilyen ir\u00e1ny\u00fa panasz\u00e1t minden esetben kivizsg\u00e1lja, \u00e9s annak eredm\u00e9ny\u00e9r\u0151l az \u00e9rintettet t\u00e1j\u00e9koztatja. Az \u00e9rintettek a panaszaikat jelezhetik az 1.1. pontban meghat\u00e1rozott el\u00e9rhet\u0151s\u00e9geken.<\/p>\n<p>&nbsp;<\/p>\n<p>Az \u00e9rintett jogosult jogainak megs\u00e9rt\u00e9se eset\u00e9n b\u00edr\u00f3s\u00e1ghoz fordulni (a per \u2013 az \u00e9rintett v\u00e1laszt\u00e1sa szerint \u2013 az \u00e9rintett lak\u00f3helye vagy tart\u00f3zkod\u00e1si helye szerinti t\u00f6rv\u00e9nysz\u00e9k el\u0151tt is megind\u00edthat\u00f3). Az \u00e9rintett panasz\u00e1val fordulhat k\u00f6zvetlen\u00fcl a Nemzeti Adatv\u00e9delmi \u00e9s Inform\u00e1ci\u00f3szabads\u00e1g Hat\u00f3s\u00e1ghoz (c\u00edm: 1055 Budapest, Falk Miksa utca 9-11.; telefon: +36-1-391-1400; e-mail: <span><a href=\"mailto:ugyfelszolgalat@naih.hu\">ugyfelszolgalat@naih.hu<\/a><\/span>; honlap: <span><a href=\"http:\/\/www.naih.hu\">www.naih.hu<\/a><\/span>) is.<\/p>\n<p>&nbsp;<\/p>\n<ol>\n<li><strong> <\/strong><strong>sz\u00e1m\u00fa mell\u00e9klet<\/strong><\/li>\n<\/ol>\n<p><!-- \/wp:paragraph --><\/p>[\/et_pb_text][et_pb_image src=&#8221;https:\/\/blog.provident.hu\/jokenyer\/wp-content\/uploads\/2024\/09\/1es_melleklet.jpg&#8221; _builder_version=&#8221;4.27.0&#8243; _module_preset=&#8221;default&#8221; title_text=&#8221;1es_melleklet&#8221; hover_enabled=&#8221;0&#8243; sticky_enabled=&#8221;0&#8243; width_last_edited=&#8221;on|phone&#8221; min_height_last_edited=&#8221;on|tablet&#8221; show_in_lightbox=&#8221;on&#8221;][\/et_pb_image][\/et_pb_column][\/et_pb_row][et_pb_row admin_label=&#8221;row&#8221; _builder_version=&#8221;4.16&#8243; background_size=&#8221;initial&#8221; background_position=&#8221;top_left&#8221; background_repeat=&#8221;repeat&#8221; global_colors_info=&#8221;{}&#8221; custom_padding=&#8221;||25px|||&#8221;][et_pb_column type=&#8221;4_4&#8243; _builder_version=&#8221;4.16&#8243; custom_padding=&#8221;|||&#8221; global_colors_info=&#8221;{}&#8221; custom_padding__hover=&#8221;|||&#8221;][\/et_pb_column][\/et_pb_row][\/et_pb_section]","protected":false},"excerpt":{"rendered":"<p>Adatkezel\u00e9si t\u00e1ly\u00e9koztat\u00f3 A Provident P\u00e9nz\u00fcgyi Zrt. J\u00f3keny\u00e9r p\u00e1ly\u00e1zat &nbsp; Adatkezel\u00e9si t\u00e1j\u00e9koztat\u00f3 J\u00f3keny\u00e9r p\u00e1ly\u00e1zattal kapcsolatos szem\u00e9lyes adatok kezel\u00e9s\u00e9r\u0151l &nbsp; \u00c1LTAL\u00c1NOS INFORM\u00c1CI\u00d3K, AZ ADATKEZEL\u0150 &nbsp; 1.1. Az adatkezel\u0151 szem\u00e9lye \u00e9s tev\u00e9kenys\u00e9ge A jelen T\u00e1j\u00e9koztat\u00f3ban (\u201eT\u00e1j\u00e9koztat\u00f3\u201d) meghat\u00e1rozott adatkezel\u00e9sek tekintet\u00e9ben adatkezel\u0151 a Provident P\u00e9nz\u00fcgyi Z\u00e1rtk\u00f6r\u0171en M\u0171k\u00f6d\u0151 R\u00e9szv\u00e9nyt\u00e1rsas\u00e1g\u00a0(sz\u00e9khely: 1095 Budapest, Lechner \u00d6d\u00f6n fasor 10\/B.; c\u00e9gjegyz\u00e9ksz\u00e1m: 01-10-044542; e-mail:\u00a0provident@provident.hu; honlap: www.provident.hu; telefonsz\u00e1m: [&hellip;]<\/p>\n","protected":false},"author":1,"featured_media":0,"parent":0,"menu_order":0,"comment_status":"closed","ping_status":"open","template":"","meta":{"_et_pb_use_builder":"on","_et_pb_old_content":"<!-- wp:heading -->\r\n<h2 class=\"wp-block-heading\">Who we are<\/h2>\r\n<!-- \/wp:heading -->\r\n<!-- wp:paragraph -->\r\n<p><strong class=\"privacy-policy-tutorial\">Suggested text: <\/strong>Our website address is: https:\/\/blog.provident.hu\/jokenyer.<\/p>\r\n<!-- \/wp:paragraph -->\r\n<!-- wp:heading -->\r\n<h2 class=\"wp-block-heading\">Comments<\/h2>\r\n<!-- \/wp:heading -->\r\n<!-- wp:paragraph -->\r\n<p><strong class=\"privacy-policy-tutorial\">Suggested text: <\/strong>When visitors leave comments on the site we collect the data shown in the comments form, and also the visitor\u2019s IP address and browser user agent string to help spam detection.<\/p>\r\n<!-- \/wp:paragraph -->\r\n<!-- wp:paragraph -->\r\n<p>An anonymized string created from your email address (also called a hash) may be provided to the Gravatar service to see if you are using it. The Gravatar service privacy policy is available here: https:\/\/automattic.com\/privacy\/. After approval of your comment, your profile picture is visible to the public in the context of your comment.<\/p>\r\n<!-- \/wp:paragraph -->\r\n<!-- wp:heading -->\r\n<h2 class=\"wp-block-heading\">Media<\/h2>\r\n<!-- \/wp:heading -->\r\n<!-- wp:paragraph -->\r\n<p><strong class=\"privacy-policy-tutorial\">Suggested text: <\/strong>If you upload images to the website, you should avoid uploading images with embedded location data (EXIF GPS) included. Visitors to the website can download and extract any location data from images on the website.<\/p>\r\n<!-- \/wp:paragraph -->\r\n<!-- wp:heading -->\r\n<h2 class=\"wp-block-heading\">Cookies<\/h2>\r\n<!-- \/wp:heading -->\r\n<!-- wp:paragraph -->\r\n<p><strong class=\"privacy-policy-tutorial\">Suggested text: <\/strong>If you leave a comment on our site you may opt-in to saving your name, email address and website in cookies. These are for your convenience so that you do not have to fill in your details again when you leave another comment. These cookies will last for one year.<\/p>\r\n<!-- \/wp:paragraph -->\r\n<!-- wp:paragraph -->\r\n<p>If you visit our login page, we will set a temporary cookie to determine if your browser accepts cookies. This cookie contains no personal data and is discarded when you close your browser.<\/p>\r\n<!-- \/wp:paragraph -->\r\n<!-- wp:paragraph -->\r\n<p>When you log in, we will also set up several cookies to save your login information and your screen display choices. Login cookies last for two days, and screen options cookies last for a year. If you select \"Remember Me\", your login will persist for two weeks. If you log out of your account, the login cookies will be removed.<\/p>\r\n<!-- \/wp:paragraph -->\r\n<!-- wp:paragraph -->\r\n<p>If you edit or publish an article, an additional cookie will be saved in your browser. This cookie includes no personal data and simply indicates the post ID of the article you just edited. It expires after 1 day.<\/p>\r\n<!-- \/wp:paragraph -->\r\n<!-- wp:heading -->\r\n<h2 class=\"wp-block-heading\">Embedded content from other websites<\/h2>\r\n<!-- \/wp:heading -->\r\n<!-- wp:paragraph -->\r\n<p><strong class=\"privacy-policy-tutorial\">Suggested text: <\/strong>Articles on this site may include embedded content (e.g. videos, images, articles, etc.). Embedded content from other websites behaves in the exact same way as if the visitor has visited the other website.<\/p>\r\n<!-- \/wp:paragraph -->\r\n<!-- wp:paragraph -->\r\n<p>These websites may collect data about you, use cookies, embed additional third-party tracking, and monitor your interaction with that embedded content, including tracking your interaction with the embedded content if you have an account and are logged in to that website.<\/p>\r\n<!-- \/wp:paragraph -->\r\n<!-- wp:heading -->\r\n<h2 class=\"wp-block-heading\">Who we share your data with<\/h2>\r\n<!-- \/wp:heading -->\r\n<!-- wp:paragraph -->\r\n<p><strong class=\"privacy-policy-tutorial\">Suggested text: <\/strong>If you request a password reset, your IP address will be included in the reset email.<\/p>\r\n<!-- \/wp:paragraph -->\r\n<!-- wp:heading -->\r\n<h2 class=\"wp-block-heading\">How long we retain your data<\/h2>\r\n<!-- \/wp:heading -->\r\n<!-- wp:paragraph -->\r\n<p><strong class=\"privacy-policy-tutorial\">Suggested text: <\/strong>If you leave a comment, the comment and its metadata are retained indefinitely. This is so we can recognize and approve any follow-up comments automatically instead of holding them in a moderation queue.<\/p>\r\n<!-- \/wp:paragraph -->\r\n<!-- wp:paragraph -->\r\n<p>For users that register on our website (if any), we also store the personal information they provide in their user profile. All users can see, edit, or delete their personal information at any time (except they cannot change their username). Website administrators can also see and edit that information.<\/p>\r\n<!-- \/wp:paragraph -->\r\n<!-- wp:heading -->\r\n<h2 class=\"wp-block-heading\">What rights you have over your data<\/h2>\r\n<!-- \/wp:heading -->\r\n<!-- wp:paragraph -->\r\n<p><strong class=\"privacy-policy-tutorial\">Suggested text: <\/strong>If you have an account on this site, or have left comments, you can request to receive an exported file of the personal data we hold about you, including any data you have provided to us. You can also request that we erase any personal data we hold about you. This does not include any data we are obliged to keep for administrative, legal, or security purposes.<\/p>\r\n<!-- \/wp:paragraph -->\r\n<!-- wp:heading -->\r\n<h2 class=\"wp-block-heading\">Where your data is sent<\/h2>\r\n<!-- \/wp:heading -->\r\n<!-- wp:paragraph -->\r\n<p><strong class=\"privacy-policy-tutorial\">Suggested text: <\/strong>Visitor comments may be checked through an automated spam detection service.<\/p>\r\n<!-- \/wp:paragraph -->\r\n","_et_gb_content_width":"","inline_featured_image":false,"footnotes":""},"class_list":["post-3","page","type-page","status-publish","hentry"],"_links":{"self":[{"href":"https:\/\/blog.provident.hu\/jokenyer\/wp-json\/wp\/v2\/pages\/3"}],"collection":[{"href":"https:\/\/blog.provident.hu\/jokenyer\/wp-json\/wp\/v2\/pages"}],"about":[{"href":"https:\/\/blog.provident.hu\/jokenyer\/wp-json\/wp\/v2\/types\/page"}],"author":[{"embeddable":true,"href":"https:\/\/blog.provident.hu\/jokenyer\/wp-json\/wp\/v2\/users\/1"}],"replies":[{"embeddable":true,"href":"https:\/\/blog.provident.hu\/jokenyer\/wp-json\/wp\/v2\/comments?post=3"}],"version-history":[{"count":5,"href":"https:\/\/blog.provident.hu\/jokenyer\/wp-json\/wp\/v2\/pages\/3\/revisions"}],"predecessor-version":[{"id":524,"href":"https:\/\/blog.provident.hu\/jokenyer\/wp-json\/wp\/v2\/pages\/3\/revisions\/524"}],"wp:attachment":[{"href":"https:\/\/blog.provident.hu\/jokenyer\/wp-json\/wp\/v2\/media?parent=3"}],"curies":[{"name":"wp","href":"https:\/\/api.w.org\/{rel}","templated":true}]}}